{"id":133,"date":"2018-12-13T22:19:57","date_gmt":"2018-12-13T21:19:57","guid":{"rendered":"http:\/\/localhost\/?page_id=133"},"modified":"2019-03-13T19:23:27","modified_gmt":"2019-03-13T18:23:27","slug":"securite","status":"publish","type":"page","link":"https:\/\/www.adaptsolutions.com\/fr\/a-propos\/securite\/","title":{"rendered":"S\u00e9curit\u00e9"},"content":{"rendered":"<h3>L\u00e0 o\u00f9 cela compte le plus<\/h3>\n<p>En mati\u00e8re de s\u00e9curit\u00e9, il ne devrait y avoir aucun compromis. La r\u00e9glementation est une chose, mais notre objectif a toujours \u00e9t\u00e9 d&rsquo;aller au-del\u00e0 des attentes. La s\u00e9curit\u00e9 n&rsquo;est pas simplement un mot que nous imprimons sur nos brochures. Ce n&rsquo;est pas juste une id\u00e9e; c&rsquo;est une r\u00e9alit\u00e9. Dans le pass\u00e9, la conformit\u00e9 aux normes f\u00e9d\u00e9rales de s\u00e9curit\u00e9 des v\u00e9hicules automobiles (FMVSS) et aux normes de s\u00e9curit\u00e9 des v\u00e9hicules automobiles du Canada (NSVAC) impliquait de prendre un nouveau v\u00e9hicule en \u00e9tat de marche, d&rsquo;installer notre produit et de le soumettre ensuite \u00e0 un v\u00e9ritable essai de collision.<\/p>\n<p><img loading=\"lazy\" decoding=\"async\" class=\"alignnone wp-image-114 size-full\" src=\"https:\/\/adaptsolutions.com\/content\/uploads\/2018\/12\/hero.png\" alt=\"\" width=\"2880\" height=\"1640\" srcset=\"https:\/\/www.adaptsolutions.com\/content\/uploads\/2018\/12\/hero.png 2880w, https:\/\/www.adaptsolutions.com\/content\/uploads\/2018\/12\/hero-300x171.png 300w, https:\/\/www.adaptsolutions.com\/content\/uploads\/2018\/12\/hero-1024x583.png 1024w, https:\/\/www.adaptsolutions.com\/content\/uploads\/2018\/12\/hero-768x437.png 768w, https:\/\/www.adaptsolutions.com\/content\/uploads\/2018\/12\/hero-1536x875.png 1536w, https:\/\/www.adaptsolutions.com\/content\/uploads\/2018\/12\/hero-2048x1166.png 2048w, https:\/\/www.adaptsolutions.com\/content\/uploads\/2018\/12\/hero-100x57.png 100w, https:\/\/www.adaptsolutions.com\/content\/uploads\/2018\/12\/hero-750x427.png 750w, https:\/\/www.adaptsolutions.com\/content\/uploads\/2018\/12\/hero-1000x569.png 1000w, https:\/\/www.adaptsolutions.com\/content\/uploads\/2018\/12\/hero-1400x797.png 1400w\" sizes=\"auto, (max-width: 2880px) 100vw, 2880px\" \/><\/p>\n<p>Gr\u00e2ce \u00e0 notre base de si\u00e8ge pivotante et abaissable XL-BASE, nous avons acquis une exp\u00e9rience \u2018CRASH\u2019 consid\u00e9rable. Au fil des ann\u00e9es, lorsque de nouvelles plates-formes de mini-fourgonnettes sont apparues sur le march\u00e9, nous les avons soumises non seulement aux normes FMVSS 207 et FMVSS 210, mais \u00e9galement \u00e0 la norme FMVSS 208 &#8211; Protection des occupants en cas de collision.<\/p>\n<p><img loading=\"lazy\" decoding=\"async\" class=\"alignleft wp-image-4786 size-full\" src=\"https:\/\/adaptsolutions.com\/content\/uploads\/2019\/02\/link-crash.jpg\" alt=\"\" width=\"1536\" height=\"1024\" srcset=\"https:\/\/www.adaptsolutions.com\/content\/uploads\/2019\/02\/link-crash.jpg 1536w, https:\/\/www.adaptsolutions.com\/content\/uploads\/2019\/02\/link-crash-300x200.jpg 300w, https:\/\/www.adaptsolutions.com\/content\/uploads\/2019\/02\/link-crash-1024x683.jpg 1024w, https:\/\/www.adaptsolutions.com\/content\/uploads\/2019\/02\/link-crash-768x512.jpg 768w, https:\/\/www.adaptsolutions.com\/content\/uploads\/2019\/02\/link-crash-100x67.jpg 100w, https:\/\/www.adaptsolutions.com\/content\/uploads\/2019\/02\/link-crash-750x500.jpg 750w, https:\/\/www.adaptsolutions.com\/content\/uploads\/2019\/02\/link-crash-1000x667.jpg 1000w, https:\/\/www.adaptsolutions.com\/content\/uploads\/2019\/02\/link-crash-1400x933.jpg 1400w\" sizes=\"auto, (max-width: 1536px) 100vw, 1536px\" \/><\/p>\n<p>Bien que les modifications apport\u00e9es \u00e0 la r\u00e9glementation ne n\u00e9cessitent plus de test de collision, cela ne signifie pas que nous nous sommes arr\u00eat\u00e9s. En tant que fabricant, nous voulons nous assurer que le produit que nous construisons est aussi s\u00fbr que possible pour nos utilisateurs.<\/p>\n<p><img loading=\"lazy\" decoding=\"async\" class=\"alignleft wp-image-4791 size-full\" src=\"https:\/\/adaptsolutions.com\/content\/uploads\/2019\/02\/honda-2011-crash.jpg\" alt=\"\" width=\"1024\" height=\"683\" srcset=\"https:\/\/www.adaptsolutions.com\/content\/uploads\/2019\/02\/honda-2011-crash.jpg 1024w, https:\/\/www.adaptsolutions.com\/content\/uploads\/2019\/02\/honda-2011-crash-300x200.jpg 300w, https:\/\/www.adaptsolutions.com\/content\/uploads\/2019\/02\/honda-2011-crash-768x512.jpg 768w, https:\/\/www.adaptsolutions.com\/content\/uploads\/2019\/02\/honda-2011-crash-100x67.jpg 100w, https:\/\/www.adaptsolutions.com\/content\/uploads\/2019\/02\/honda-2011-crash-750x500.jpg 750w, https:\/\/www.adaptsolutions.com\/content\/uploads\/2019\/02\/honda-2011-crash-1000x667.jpg 1000w\" sizes=\"auto, (max-width: 1024px) 100vw, 1024px\" \/><\/p>\n<p>Avant de tester dans des laboratoires de test ind\u00e9pendants, nous v\u00e9rifions nos conceptions avec notre banc d&rsquo;essai de si\u00e8ge et de ceinture de s\u00e9curit\u00e9. Au cours des derni\u00e8res ann\u00e9es, nous avons acquis une grande exp\u00e9rience de test en interne sur nos \u00e9quipements de test et effectu\u00e9 de nombreux tests sur nos si\u00e8ges dans diff\u00e9rents v\u00e9hicules et positions.<\/p>\n<p><img loading=\"lazy\" decoding=\"async\" class=\"wp-image-4793 size-full alignleft\" src=\"https:\/\/adaptsolutions.com\/content\/uploads\/2019\/02\/safety.jpg\" alt=\"\" width=\"448\" height=\"336\" srcset=\"https:\/\/www.adaptsolutions.com\/content\/uploads\/2019\/02\/safety.jpg 448w, https:\/\/www.adaptsolutions.com\/content\/uploads\/2019\/02\/safety-300x225.jpg 300w, https:\/\/www.adaptsolutions.com\/content\/uploads\/2019\/02\/safety-100x75.jpg 100w\" sizes=\"auto, (max-width: 448px) 100vw, 448px\" \/><\/p>\n<p>Nos produits sont soumis \u00e0 un processus de certification strict qui implique des tests de cycle de vie acc\u00e9l\u00e9r\u00e9 et des tests de capacit\u00e9 de charge \u00e9tendue. Nous croyons tellement en la QUALIT\u00c9 de nos produits que nous offrons une garantie limit\u00e9e de 3 ans sur tous nos produits. Notre mission est de vous fournir le mat\u00e9riel de mobilit\u00e9 de qualit\u00e9 le plus s\u00fbr disponible sur le march\u00e9 actuel.<\/p>\n<p><img loading=\"lazy\" decoding=\"async\" class=\"alignleft wp-image-4789 size-full\" src=\"https:\/\/adaptsolutions.com\/content\/uploads\/2019\/02\/14-secondes.jpg\" alt=\"\" width=\"853\" height=\"609\" srcset=\"https:\/\/www.adaptsolutions.com\/content\/uploads\/2019\/02\/14-secondes.jpg 853w, https:\/\/www.adaptsolutions.com\/content\/uploads\/2019\/02\/14-secondes-300x214.jpg 300w, https:\/\/www.adaptsolutions.com\/content\/uploads\/2019\/02\/14-secondes-768x548.jpg 768w, https:\/\/www.adaptsolutions.com\/content\/uploads\/2019\/02\/14-secondes-100x71.jpg 100w, https:\/\/www.adaptsolutions.com\/content\/uploads\/2019\/02\/14-secondes-750x535.jpg 750w\" sizes=\"auto, (max-width: 853px) 100vw, 853px\" \/><\/p>\n","protected":false},"excerpt":{"rendered":"<p>L\u00e0 o\u00f9 cela compte le plus En mati\u00e8re de s\u00e9curit\u00e9, il ne devrait y avoir aucun compromis. La r\u00e9glementation est une chose, mais notre objectif a toujours \u00e9t\u00e9 d&rsquo;aller au-del\u00e0 des attentes. La s\u00e9curit\u00e9 n&rsquo;est pas simplement un mot que nous imprimons sur nos brochures. Ce n&rsquo;est pas juste une id\u00e9e; c&rsquo;est une r\u00e9alit\u00e9. Dans [&hellip;]<\/p>\n","protected":false},"author":1,"featured_media":0,"parent":267,"menu_order":0,"comment_status":"closed","ping_status":"closed","template":"page_safety.php","meta":{"_acf_changed":false,"footnotes":""},"class_list":["post-133","page","type-page","status-publish","hentry"],"acf":[],"yoast_head":"<!-- This site is optimized with the Yoast SEO plugin v27.3 - https:\/\/yoast.com\/product\/yoast-seo-wordpress\/ -->\n<title>S\u00e9curit\u00e9 - Adapt solution<\/title>\n<meta name=\"robots\" content=\"index, follow, max-snippet:-1, max-image-preview:large, max-video-preview:-1\" \/>\n<link rel=\"canonical\" href=\"https:\/\/www.adaptsolutions.com\/fr\/a-propos\/securite\/\" \/>\n<meta property=\"og:locale\" content=\"fr_FR\" \/>\n<meta property=\"og:type\" content=\"article\" \/>\n<meta property=\"og:title\" content=\"S\u00e9curit\u00e9 - Adapt solution\" \/>\n<meta property=\"og:description\" content=\"L\u00e0 o\u00f9 cela compte le plus En mati\u00e8re de s\u00e9curit\u00e9, il ne devrait y avoir aucun compromis. La r\u00e9glementation est une chose, mais notre objectif a toujours \u00e9t\u00e9 d&rsquo;aller au-del\u00e0 des attentes. La s\u00e9curit\u00e9 n&rsquo;est pas simplement un mot que nous imprimons sur nos brochures. Ce n&rsquo;est pas juste une id\u00e9e; c&rsquo;est une r\u00e9alit\u00e9. Dans [&hellip;]\" \/>\n<meta property=\"og:url\" content=\"https:\/\/www.adaptsolutions.com\/fr\/a-propos\/securite\/\" \/>\n<meta property=\"og:site_name\" content=\"Adapt solution\" \/>\n<meta property=\"article:modified_time\" content=\"2019-03-13T18:23:27+00:00\" \/>\n<meta property=\"og:image\" content=\"https:\/\/adaptsolutions.com\/content\/uploads\/2018\/12\/hero.png\" \/>\n<meta name=\"twitter:card\" content=\"summary_large_image\" \/>\n<meta name=\"twitter:label1\" content=\"Dur\u00e9e de lecture estim\u00e9e\" \/>\n\t<meta name=\"twitter:data1\" content=\"2 minutes\" \/>\n<script type=\"application\/ld+json\" class=\"yoast-schema-graph\">{\"@context\":\"https:\\\/\\\/schema.org\",\"@graph\":[{\"@type\":\"WebPage\",\"@id\":\"https:\\\/\\\/www.adaptsolutions.com\\\/fr\\\/a-propos\\\/securite\\\/\",\"url\":\"https:\\\/\\\/www.adaptsolutions.com\\\/fr\\\/a-propos\\\/securite\\\/\",\"name\":\"S\u00e9curit\u00e9 - Adapt solution\",\"isPartOf\":{\"@id\":\"https:\\\/\\\/adaptsolutions.com\\\/#website\"},\"primaryImageOfPage\":{\"@id\":\"https:\\\/\\\/www.adaptsolutions.com\\\/fr\\\/a-propos\\\/securite\\\/#primaryimage\"},\"image\":{\"@id\":\"https:\\\/\\\/www.adaptsolutions.com\\\/fr\\\/a-propos\\\/securite\\\/#primaryimage\"},\"thumbnailUrl\":\"https:\\\/\\\/adaptsolutions.com\\\/content\\\/uploads\\\/2018\\\/12\\\/hero.png\",\"datePublished\":\"2018-12-13T21:19:57+00:00\",\"dateModified\":\"2019-03-13T18:23:27+00:00\",\"breadcrumb\":{\"@id\":\"https:\\\/\\\/www.adaptsolutions.com\\\/fr\\\/a-propos\\\/securite\\\/#breadcrumb\"},\"inLanguage\":\"fr-FR\",\"potentialAction\":[{\"@type\":\"ReadAction\",\"target\":[\"https:\\\/\\\/www.adaptsolutions.com\\\/fr\\\/a-propos\\\/securite\\\/\"]}]},{\"@type\":\"ImageObject\",\"inLanguage\":\"fr-FR\",\"@id\":\"https:\\\/\\\/www.adaptsolutions.com\\\/fr\\\/a-propos\\\/securite\\\/#primaryimage\",\"url\":\"https:\\\/\\\/adaptsolutions.com\\\/content\\\/uploads\\\/2018\\\/12\\\/hero.png\",\"contentUrl\":\"https:\\\/\\\/adaptsolutions.com\\\/content\\\/uploads\\\/2018\\\/12\\\/hero.png\"},{\"@type\":\"BreadcrumbList\",\"@id\":\"https:\\\/\\\/www.adaptsolutions.com\\\/fr\\\/a-propos\\\/securite\\\/#breadcrumb\",\"itemListElement\":[{\"@type\":\"ListItem\",\"position\":1,\"name\":\"Home\",\"item\":\"https:\\\/\\\/adaptsolutions.com\\\/fr\\\/\"},{\"@type\":\"ListItem\",\"position\":2,\"name\":\"\u00c0 propos\",\"item\":\"https:\\\/\\\/adaptsolutions.com\\\/fr\\\/a-propos\\\/\"},{\"@type\":\"ListItem\",\"position\":3,\"name\":\"S\u00e9curit\u00e9\"}]},{\"@type\":\"WebSite\",\"@id\":\"https:\\\/\\\/adaptsolutions.com\\\/#website\",\"url\":\"https:\\\/\\\/adaptsolutions.com\\\/\",\"name\":\"Adapt solution\",\"description\":\"Quality mobility equipment\",\"publisher\":{\"@id\":\"https:\\\/\\\/adaptsolutions.com\\\/#organization\"},\"potentialAction\":[{\"@type\":\"SearchAction\",\"target\":{\"@type\":\"EntryPoint\",\"urlTemplate\":\"https:\\\/\\\/adaptsolutions.com\\\/?s={search_term_string}\"},\"query-input\":{\"@type\":\"PropertyValueSpecification\",\"valueRequired\":true,\"valueName\":\"search_term_string\"}}],\"inLanguage\":\"fr-FR\"},{\"@type\":\"Organization\",\"@id\":\"https:\\\/\\\/adaptsolutions.com\\\/#organization\",\"name\":\"Adapt solution\",\"url\":\"https:\\\/\\\/adaptsolutions.com\\\/\",\"logo\":{\"@type\":\"ImageObject\",\"inLanguage\":\"fr-FR\",\"@id\":\"https:\\\/\\\/adaptsolutions.com\\\/#\\\/schema\\\/logo\\\/image\\\/\",\"url\":\"https:\\\/\\\/adaptsolutions.com\\\/content\\\/uploads\\\/2020\\\/02\\\/sales-3.png\",\"contentUrl\":\"https:\\\/\\\/adaptsolutions.com\\\/content\\\/uploads\\\/2020\\\/02\\\/sales-3.png\",\"width\":750,\"height\":242,\"caption\":\"Adapt solution\"},\"image\":{\"@id\":\"https:\\\/\\\/adaptsolutions.com\\\/#\\\/schema\\\/logo\\\/image\\\/\"}}]}<\/script>\n<!-- \/ Yoast SEO plugin. -->","yoast_head_json":{"title":"S\u00e9curit\u00e9 - Adapt solution","robots":{"index":"index","follow":"follow","max-snippet":"max-snippet:-1","max-image-preview":"max-image-preview:large","max-video-preview":"max-video-preview:-1"},"canonical":"https:\/\/www.adaptsolutions.com\/fr\/a-propos\/securite\/","og_locale":"fr_FR","og_type":"article","og_title":"S\u00e9curit\u00e9 - Adapt solution","og_description":"L\u00e0 o\u00f9 cela compte le plus En mati\u00e8re de s\u00e9curit\u00e9, il ne devrait y avoir aucun compromis. La r\u00e9glementation est une chose, mais notre objectif a toujours \u00e9t\u00e9 d&rsquo;aller au-del\u00e0 des attentes. La s\u00e9curit\u00e9 n&rsquo;est pas simplement un mot que nous imprimons sur nos brochures. Ce n&rsquo;est pas juste une id\u00e9e; c&rsquo;est une r\u00e9alit\u00e9. Dans [&hellip;]","og_url":"https:\/\/www.adaptsolutions.com\/fr\/a-propos\/securite\/","og_site_name":"Adapt solution","article_modified_time":"2019-03-13T18:23:27+00:00","og_image":[{"url":"https:\/\/adaptsolutions.com\/content\/uploads\/2018\/12\/hero.png","type":"","width":"","height":""}],"twitter_card":"summary_large_image","twitter_misc":{"Dur\u00e9e de lecture estim\u00e9e":"2 minutes"},"schema":{"@context":"https:\/\/schema.org","@graph":[{"@type":"WebPage","@id":"https:\/\/www.adaptsolutions.com\/fr\/a-propos\/securite\/","url":"https:\/\/www.adaptsolutions.com\/fr\/a-propos\/securite\/","name":"S\u00e9curit\u00e9 - Adapt solution","isPartOf":{"@id":"https:\/\/adaptsolutions.com\/#website"},"primaryImageOfPage":{"@id":"https:\/\/www.adaptsolutions.com\/fr\/a-propos\/securite\/#primaryimage"},"image":{"@id":"https:\/\/www.adaptsolutions.com\/fr\/a-propos\/securite\/#primaryimage"},"thumbnailUrl":"https:\/\/adaptsolutions.com\/content\/uploads\/2018\/12\/hero.png","datePublished":"2018-12-13T21:19:57+00:00","dateModified":"2019-03-13T18:23:27+00:00","breadcrumb":{"@id":"https:\/\/www.adaptsolutions.com\/fr\/a-propos\/securite\/#breadcrumb"},"inLanguage":"fr-FR","potentialAction":[{"@type":"ReadAction","target":["https:\/\/www.adaptsolutions.com\/fr\/a-propos\/securite\/"]}]},{"@type":"ImageObject","inLanguage":"fr-FR","@id":"https:\/\/www.adaptsolutions.com\/fr\/a-propos\/securite\/#primaryimage","url":"https:\/\/adaptsolutions.com\/content\/uploads\/2018\/12\/hero.png","contentUrl":"https:\/\/adaptsolutions.com\/content\/uploads\/2018\/12\/hero.png"},{"@type":"BreadcrumbList","@id":"https:\/\/www.adaptsolutions.com\/fr\/a-propos\/securite\/#breadcrumb","itemListElement":[{"@type":"ListItem","position":1,"name":"Home","item":"https:\/\/adaptsolutions.com\/fr\/"},{"@type":"ListItem","position":2,"name":"\u00c0 propos","item":"https:\/\/adaptsolutions.com\/fr\/a-propos\/"},{"@type":"ListItem","position":3,"name":"S\u00e9curit\u00e9"}]},{"@type":"WebSite","@id":"https:\/\/adaptsolutions.com\/#website","url":"https:\/\/adaptsolutions.com\/","name":"Adapt solution","description":"Quality mobility equipment","publisher":{"@id":"https:\/\/adaptsolutions.com\/#organization"},"potentialAction":[{"@type":"SearchAction","target":{"@type":"EntryPoint","urlTemplate":"https:\/\/adaptsolutions.com\/?s={search_term_string}"},"query-input":{"@type":"PropertyValueSpecification","valueRequired":true,"valueName":"search_term_string"}}],"inLanguage":"fr-FR"},{"@type":"Organization","@id":"https:\/\/adaptsolutions.com\/#organization","name":"Adapt solution","url":"https:\/\/adaptsolutions.com\/","logo":{"@type":"ImageObject","inLanguage":"fr-FR","@id":"https:\/\/adaptsolutions.com\/#\/schema\/logo\/image\/","url":"https:\/\/adaptsolutions.com\/content\/uploads\/2020\/02\/sales-3.png","contentUrl":"https:\/\/adaptsolutions.com\/content\/uploads\/2020\/02\/sales-3.png","width":750,"height":242,"caption":"Adapt solution"},"image":{"@id":"https:\/\/adaptsolutions.com\/#\/schema\/logo\/image\/"}}]}},"_links":{"self":[{"href":"https:\/\/www.adaptsolutions.com\/fr\/wp-json\/wp\/v2\/pages\/133","targetHints":{"allow":["GET"]}}],"collection":[{"href":"https:\/\/www.adaptsolutions.com\/fr\/wp-json\/wp\/v2\/pages"}],"about":[{"href":"https:\/\/www.adaptsolutions.com\/fr\/wp-json\/wp\/v2\/types\/page"}],"author":[{"embeddable":true,"href":"https:\/\/www.adaptsolutions.com\/fr\/wp-json\/wp\/v2\/users\/1"}],"replies":[{"embeddable":true,"href":"https:\/\/www.adaptsolutions.com\/fr\/wp-json\/wp\/v2\/comments?post=133"}],"version-history":[{"count":37,"href":"https:\/\/www.adaptsolutions.com\/fr\/wp-json\/wp\/v2\/pages\/133\/revisions"}],"predecessor-version":[{"id":4907,"href":"https:\/\/www.adaptsolutions.com\/fr\/wp-json\/wp\/v2\/pages\/133\/revisions\/4907"}],"up":[{"embeddable":true,"href":"https:\/\/www.adaptsolutions.com\/fr\/wp-json\/wp\/v2\/pages\/267"}],"wp:attachment":[{"href":"https:\/\/www.adaptsolutions.com\/fr\/wp-json\/wp\/v2\/media?parent=133"}],"curies":[{"name":"wp","href":"https:\/\/api.w.org\/{rel}","templated":true}]}}