{"id":66890,"date":"2026-02-15T10:13:41","date_gmt":"2026-02-15T09:13:41","guid":{"rendered":"https:\/\/adaptsolutions.com\/?page_id=66890"},"modified":"2026-03-17T16:14:22","modified_gmt":"2026-03-17T15:14:22","slug":"a-propos","status":"publish","type":"page","link":"https:\/\/www.adaptsolutions.com\/fr\/a-propos\/a-propos\/","title":{"rendered":"\u00c0 propos"},"content":{"rendered":"","protected":false},"excerpt":{"rendered":"","protected":false},"author":16,"featured_media":0,"parent":267,"menu_order":0,"comment_status":"closed","ping_status":"closed","template":"template-solstice.php","meta":{"_acf_changed":false,"footnotes":""},"class_list":["post-66890","page","type-page","status-publish","hentry"],"acf":[],"yoast_head":"<!-- This site is optimized with the Yoast SEO plugin v27.3 - https:\/\/yoast.com\/product\/yoast-seo-wordpress\/ -->\n<title>\u00c0 propos - Adapt solution<\/title>\n<meta name=\"description\" content=\"L\u2019\u00e9quipe passionn\u00e9e et cr\u00e9ative d\u2019Adapt Solutions vous propose des solutions de mobilit\u00e9 innovantes pour am\u00e9liorer l\u2019accessibilit\u00e9 des v\u00e9hicules.\" \/>\n<meta name=\"robots\" content=\"index, follow, max-snippet:-1, max-image-preview:large, max-video-preview:-1\" \/>\n<link rel=\"canonical\" href=\"https:\/\/www.adaptsolutions.com\/fr\/a-propos\/a-propos\/\" \/>\n<meta property=\"og:locale\" content=\"fr_FR\" \/>\n<meta property=\"og:type\" content=\"article\" \/>\n<meta property=\"og:title\" content=\"\u00c0 propos - Adapt solution\" \/>\n<meta property=\"og:description\" content=\"L\u2019\u00e9quipe passionn\u00e9e et cr\u00e9ative d\u2019Adapt Solutions vous propose des solutions de mobilit\u00e9 innovantes pour am\u00e9liorer l\u2019accessibilit\u00e9 des v\u00e9hicules.\" \/>\n<meta property=\"og:url\" content=\"https:\/\/www.adaptsolutions.com\/fr\/a-propos\/a-propos\/\" \/>\n<meta property=\"og:site_name\" content=\"Adapt solution\" \/>\n<meta property=\"article:modified_time\" content=\"2026-03-17T15:14:22+00:00\" \/>\n<meta property=\"og:image\" content=\"https:\/\/www.adaptsolutions.com\/content\/uploads\/2019\/01\/building-winter-sky-e1548162355607-scaled.jpg\" \/>\n\t<meta property=\"og:image:width\" content=\"2560\" \/>\n\t<meta property=\"og:image:height\" content=\"1696\" \/>\n\t<meta property=\"og:image:type\" content=\"image\/jpeg\" \/>\n<meta name=\"twitter:card\" content=\"summary_large_image\" \/>\n<meta name=\"twitter:label1\" content=\"Dur\u00e9e de lecture estim\u00e9e\" \/>\n\t<meta name=\"twitter:data1\" content=\"4 minutes\" \/>\n<script type=\"application\/ld+json\" class=\"yoast-schema-graph\">{\"@context\":\"https:\\\/\\\/schema.org\",\"@graph\":[{\"@type\":\"WebPage\",\"@id\":\"https:\\\/\\\/www.adaptsolutions.com\\\/fr\\\/a-propos\\\/a-propos\\\/\",\"url\":\"https:\\\/\\\/www.adaptsolutions.com\\\/fr\\\/a-propos\\\/a-propos\\\/\",\"name\":\"\u00c0 propos - Adapt solution\",\"isPartOf\":{\"@id\":\"https:\\\/\\\/69.51.202.75\\\/#website\"},\"datePublished\":\"2026-02-15T09:13:41+00:00\",\"dateModified\":\"2026-03-17T15:14:22+00:00\",\"description\":\"L\u2019\u00e9quipe passionn\u00e9e et cr\u00e9ative d\u2019Adapt Solutions vous propose des solutions de mobilit\u00e9 innovantes pour am\u00e9liorer l\u2019accessibilit\u00e9 des v\u00e9hicules.\",\"breadcrumb\":{\"@id\":\"https:\\\/\\\/www.adaptsolutions.com\\\/fr\\\/a-propos\\\/a-propos\\\/#breadcrumb\"},\"inLanguage\":\"fr-FR\",\"potentialAction\":[{\"@type\":\"ReadAction\",\"target\":[\"https:\\\/\\\/www.adaptsolutions.com\\\/fr\\\/a-propos\\\/a-propos\\\/\"]}]},{\"@type\":\"BreadcrumbList\",\"@id\":\"https:\\\/\\\/www.adaptsolutions.com\\\/fr\\\/a-propos\\\/a-propos\\\/#breadcrumb\",\"itemListElement\":[{\"@type\":\"ListItem\",\"position\":1,\"name\":\"Home\",\"item\":\"https:\\\/\\\/www.adapt-solutions.ca\\\/fr\\\/\"},{\"@type\":\"ListItem\",\"position\":2,\"name\":\"\u00c0 propos\",\"item\":\"https:\\\/\\\/adapt-solutions.ca\\\/fr\\\/a-propos\\\/\"},{\"@type\":\"ListItem\",\"position\":3,\"name\":\"\u00c0 propos\"}]},{\"@type\":\"WebSite\",\"@id\":\"https:\\\/\\\/69.51.202.75\\\/#website\",\"url\":\"https:\\\/\\\/69.51.202.75\\\/\",\"name\":\"Adapt solution\",\"description\":\"Quality mobility equipment\",\"publisher\":{\"@id\":\"https:\\\/\\\/69.51.202.75\\\/#organization\"},\"potentialAction\":[{\"@type\":\"SearchAction\",\"target\":{\"@type\":\"EntryPoint\",\"urlTemplate\":\"https:\\\/\\\/69.51.202.75\\\/?s={search_term_string}\"},\"query-input\":{\"@type\":\"PropertyValueSpecification\",\"valueRequired\":true,\"valueName\":\"search_term_string\"}}],\"inLanguage\":\"fr-FR\"},{\"@type\":\"Organization\",\"@id\":\"https:\\\/\\\/69.51.202.75\\\/#organization\",\"name\":\"Adapt solution\",\"url\":\"https:\\\/\\\/69.51.202.75\\\/\",\"logo\":{\"@type\":\"ImageObject\",\"inLanguage\":\"fr-FR\",\"@id\":\"https:\\\/\\\/69.51.202.75\\\/#\\\/schema\\\/logo\\\/image\\\/\",\"url\":\"https:\\\/\\\/adaptsolutions.com\\\/content\\\/uploads\\\/2020\\\/02\\\/sales-3.png\",\"contentUrl\":\"https:\\\/\\\/adaptsolutions.com\\\/content\\\/uploads\\\/2020\\\/02\\\/sales-3.png\",\"width\":750,\"height\":242,\"caption\":\"Adapt solution\"},\"image\":{\"@id\":\"https:\\\/\\\/69.51.202.75\\\/#\\\/schema\\\/logo\\\/image\\\/\"}}]}<\/script>\n<!-- \/ Yoast SEO plugin. -->","yoast_head_json":{"title":"\u00c0 propos - Adapt solution","description":"L\u2019\u00e9quipe passionn\u00e9e et cr\u00e9ative d\u2019Adapt Solutions vous propose des solutions de mobilit\u00e9 innovantes pour am\u00e9liorer l\u2019accessibilit\u00e9 des v\u00e9hicules.","robots":{"index":"index","follow":"follow","max-snippet":"max-snippet:-1","max-image-preview":"max-image-preview:large","max-video-preview":"max-video-preview:-1"},"canonical":"https:\/\/www.adaptsolutions.com\/fr\/a-propos\/a-propos\/","og_locale":"fr_FR","og_type":"article","og_title":"\u00c0 propos - Adapt solution","og_description":"L\u2019\u00e9quipe passionn\u00e9e et cr\u00e9ative d\u2019Adapt Solutions vous propose des solutions de mobilit\u00e9 innovantes pour am\u00e9liorer l\u2019accessibilit\u00e9 des v\u00e9hicules.","og_url":"https:\/\/www.adaptsolutions.com\/fr\/a-propos\/a-propos\/","og_site_name":"Adapt solution","article_modified_time":"2026-03-17T15:14:22+00:00","og_image":[{"width":2560,"height":1696,"url":"https:\/\/www.adaptsolutions.com\/content\/uploads\/2019\/01\/building-winter-sky-e1548162355607-scaled.jpg","type":"image\/jpeg"}],"twitter_card":"summary_large_image","twitter_misc":{"Dur\u00e9e de lecture estim\u00e9e":"4 minutes"},"schema":{"@context":"https:\/\/schema.org","@graph":[{"@type":"WebPage","@id":"https:\/\/www.adaptsolutions.com\/fr\/a-propos\/a-propos\/","url":"https:\/\/www.adaptsolutions.com\/fr\/a-propos\/a-propos\/","name":"\u00c0 propos - Adapt solution","isPartOf":{"@id":"https:\/\/69.51.202.75\/#website"},"datePublished":"2026-02-15T09:13:41+00:00","dateModified":"2026-03-17T15:14:22+00:00","description":"L\u2019\u00e9quipe passionn\u00e9e et cr\u00e9ative d\u2019Adapt Solutions vous propose des solutions de mobilit\u00e9 innovantes pour am\u00e9liorer l\u2019accessibilit\u00e9 des v\u00e9hicules.","breadcrumb":{"@id":"https:\/\/www.adaptsolutions.com\/fr\/a-propos\/a-propos\/#breadcrumb"},"inLanguage":"fr-FR","potentialAction":[{"@type":"ReadAction","target":["https:\/\/www.adaptsolutions.com\/fr\/a-propos\/a-propos\/"]}]},{"@type":"BreadcrumbList","@id":"https:\/\/www.adaptsolutions.com\/fr\/a-propos\/a-propos\/#breadcrumb","itemListElement":[{"@type":"ListItem","position":1,"name":"Home","item":"https:\/\/www.adapt-solutions.ca\/fr\/"},{"@type":"ListItem","position":2,"name":"\u00c0 propos","item":"https:\/\/adapt-solutions.ca\/fr\/a-propos\/"},{"@type":"ListItem","position":3,"name":"\u00c0 propos"}]},{"@type":"WebSite","@id":"https:\/\/69.51.202.75\/#website","url":"https:\/\/69.51.202.75\/","name":"Adapt solution","description":"Quality mobility equipment","publisher":{"@id":"https:\/\/69.51.202.75\/#organization"},"potentialAction":[{"@type":"SearchAction","target":{"@type":"EntryPoint","urlTemplate":"https:\/\/69.51.202.75\/?s={search_term_string}"},"query-input":{"@type":"PropertyValueSpecification","valueRequired":true,"valueName":"search_term_string"}}],"inLanguage":"fr-FR"},{"@type":"Organization","@id":"https:\/\/69.51.202.75\/#organization","name":"Adapt solution","url":"https:\/\/69.51.202.75\/","logo":{"@type":"ImageObject","inLanguage":"fr-FR","@id":"https:\/\/69.51.202.75\/#\/schema\/logo\/image\/","url":"https:\/\/adaptsolutions.com\/content\/uploads\/2020\/02\/sales-3.png","contentUrl":"https:\/\/adaptsolutions.com\/content\/uploads\/2020\/02\/sales-3.png","width":750,"height":242,"caption":"Adapt solution"},"image":{"@id":"https:\/\/69.51.202.75\/#\/schema\/logo\/image\/"}}]}},"_links":{"self":[{"href":"https:\/\/www.adaptsolutions.com\/fr\/wp-json\/wp\/v2\/pages\/66890","targetHints":{"allow":["GET"]}}],"collection":[{"href":"https:\/\/www.adaptsolutions.com\/fr\/wp-json\/wp\/v2\/pages"}],"about":[{"href":"https:\/\/www.adaptsolutions.com\/fr\/wp-json\/wp\/v2\/types\/page"}],"author":[{"embeddable":true,"href":"https:\/\/www.adaptsolutions.com\/fr\/wp-json\/wp\/v2\/users\/16"}],"replies":[{"embeddable":true,"href":"https:\/\/www.adaptsolutions.com\/fr\/wp-json\/wp\/v2\/comments?post=66890"}],"version-history":[{"count":17,"href":"https:\/\/www.adaptsolutions.com\/fr\/wp-json\/wp\/v2\/pages\/66890\/revisions"}],"predecessor-version":[{"id":67358,"href":"https:\/\/www.adaptsolutions.com\/fr\/wp-json\/wp\/v2\/pages\/66890\/revisions\/67358"}],"up":[{"embeddable":true,"href":"https:\/\/www.adaptsolutions.com\/fr\/wp-json\/wp\/v2\/pages\/267"}],"wp:attachment":[{"href":"https:\/\/www.adaptsolutions.com\/fr\/wp-json\/wp\/v2\/media?parent=66890"}],"curies":[{"name":"wp","href":"https:\/\/api.w.org\/{rel}","templated":true}]}}